{"id":3917,"date":"2024-06-02T19:07:15","date_gmt":"2024-06-02T19:07:15","guid":{"rendered":"https:\/\/multilove.es\/?post_type=product&#038;p=3917"},"modified":"2025-05-28T16:43:28","modified_gmt":"2025-05-28T16:43:28","slug":"habibi-habibti","status":"publish","type":"product","link":"https:\/\/multilove.es\/ca\/producte\/habibi-habibti\/","title":{"rendered":"Habibi Habibti"},"content":{"rendered":"","protected":false},"excerpt":{"rendered":"<ul>\n<li><span style=\"color: #000000;\">Samarreta unisex verda<\/span><\/li>\n<li><span style=\"color: #000000;\">100% cot\u00f3 org\u00e0nic<\/span><\/li>\n<li><span style=\"color: #000000;\">155 GSM<\/span><\/li>\n<li><span style=\"color: #000000;\">Impresi\u00f3n digital de alta calidad<\/span><\/li>\n<li><span style=\"color: #000000;\">Consulta <a style=\"color: #000000;\" href=\"https:\/\/multilove.es\/wp-content\/uploads\/2025\/05\/talles-cami_AQUI.png\" target=\"_blank\" rel=\"noopener noreferrer\"><span style=\"text-decoration: underline;\">ac\u00ed<\/span><\/a> la guia de talles<\/span><\/li>\n<li>Doble cara impressa<\/li>\n<\/ul>","protected":false},"featured_media":3929,"template":"","meta":[],"product_brand":[],"product_cat":[17],"product_tag":[],"class_list":{"0":"post-3917","1":"product","2":"type-product","3":"status-publish","4":"has-post-thumbnail","6":"product_cat-sin-categorizar","8":"first","9":"instock","10":"taxable","11":"shipping-taxable","12":"purchasable","13":"product-type-variable"},"yoast_head":"<!-- This site is optimized with the Yoast SEO plugin v26.1.1 - https:\/\/yoast.com\/wordpress\/plugins\/seo\/ -->\n<title>Multi Love - Habibi Habibti<\/title>\n<meta name=\"description\" content=\"Multi Love es retro, es nost\u00e1lgico, es pop, es foodie, es freak. Son dise\u00f1os que evocan productos, colores u otros dise\u00f1os que los Multi Lovers reconocemos porque ya han pasado a ser parte de nuestra cultura visual.\" \/>\n<meta name=\"robots\" content=\"index, follow, max-snippet:-1, max-image-preview:large, max-video-preview:-1\" \/>\n<link rel=\"canonical\" href=\"https:\/\/multilove.es\/ca\/producte\/habibi-habibti\/\" \/>\n<meta property=\"og:locale\" content=\"ca_ES\" \/>\n<meta property=\"og:type\" content=\"article\" \/>\n<meta property=\"og:title\" content=\"Multi Love - Habibi Habibti\" \/>\n<meta property=\"og:description\" content=\"Multi Love es retro, es nost\u00e1lgico, es pop, es foodie, es freak. Son dise\u00f1os que evocan productos, colores u otros dise\u00f1os que los Multi Lovers reconocemos porque ya han pasado a ser parte de nuestra cultura visual.\" \/>\n<meta property=\"og:url\" content=\"https:\/\/multilove.es\/ca\/producte\/habibi-habibti\/\" \/>\n<meta property=\"og:site_name\" content=\"Multi Love\" \/>\n<meta property=\"article:publisher\" content=\"https:\/\/www.facebook.com\/multilovelovelove\" \/>\n<meta property=\"article:modified_time\" content=\"2025-05-28T16:43:28+00:00\" \/>\n<meta property=\"og:image\" content=\"https:\/\/multilove.es\/wp-content\/uploads\/2024\/06\/habibi-mockup.png\" \/>\n\t<meta property=\"og:image:width\" content=\"1080\" \/>\n\t<meta property=\"og:image:height\" content=\"1081\" \/>\n\t<meta property=\"og:image:type\" content=\"image\/png\" \/>\n<meta name=\"twitter:card\" content=\"summary_large_image\" \/>\n<meta name=\"twitter:label1\" content=\"Temps estimat de lectura\" \/>\n\t<meta name=\"twitter:data1\" content=\"1 minut\" \/>\n<script type=\"application\/ld+json\" class=\"yoast-schema-graph\">{\"@context\":\"https:\/\/schema.org\",\"@graph\":[{\"@type\":\"WebPage\",\"@id\":\"https:\/\/multilove.es\/producto\/habibi-habibti\/\",\"url\":\"https:\/\/multilove.es\/producto\/habibi-habibti\/\",\"name\":\"Multi Love - Habibi Habibti\",\"isPartOf\":{\"@id\":\"https:\/\/multilove.es\/#website\"},\"primaryImageOfPage\":{\"@id\":\"https:\/\/multilove.es\/producto\/habibi-habibti\/#primaryimage\"},\"image\":{\"@id\":\"https:\/\/multilove.es\/producto\/habibi-habibti\/#primaryimage\"},\"thumbnailUrl\":\"https:\/\/multilove.es\/wp-content\/uploads\/2024\/06\/habibi-mockup.png\",\"datePublished\":\"2024-06-02T19:07:15+00:00\",\"dateModified\":\"2025-05-28T16:43:28+00:00\",\"description\":\"Multi Love es retro, es nost\u00e1lgico, es pop, es foodie, es freak. Son dise\u00f1os que evocan productos, colores u otros dise\u00f1os que los Multi Lovers reconocemos porque ya han pasado a ser parte de nuestra cultura visual.\",\"breadcrumb\":{\"@id\":\"https:\/\/multilove.es\/producto\/habibi-habibti\/#breadcrumb\"},\"inLanguage\":\"ca\",\"potentialAction\":[{\"@type\":\"ReadAction\",\"target\":[\"https:\/\/multilove.es\/producto\/habibi-habibti\/\"]}]},{\"@type\":\"ImageObject\",\"inLanguage\":\"ca\",\"@id\":\"https:\/\/multilove.es\/producto\/habibi-habibti\/#primaryimage\",\"url\":\"https:\/\/multilove.es\/wp-content\/uploads\/2024\/06\/habibi-mockup.png\",\"contentUrl\":\"https:\/\/multilove.es\/wp-content\/uploads\/2024\/06\/habibi-mockup.png\",\"width\":1080,\"height\":1081},{\"@type\":\"BreadcrumbList\",\"@id\":\"https:\/\/multilove.es\/producto\/habibi-habibti\/#breadcrumb\",\"itemListElement\":[{\"@type\":\"ListItem\",\"position\":1,\"name\":\"Portada\",\"item\":\"https:\/\/multilove.es\/\"},{\"@type\":\"ListItem\",\"position\":2,\"name\":\"Productos\",\"item\":\"https:\/\/multilove.es\/ca\/productos\/\"},{\"@type\":\"ListItem\",\"position\":3,\"name\":\"Habibi Habibti\"}]},{\"@type\":\"WebSite\",\"@id\":\"https:\/\/multilove.es\/#website\",\"url\":\"https:\/\/multilove.es\/\",\"name\":\"Multi Love\",\"description\":\"Tienda de camisetas raras y otras delicias.\",\"publisher\":{\"@id\":\"https:\/\/multilove.es\/#organization\"},\"potentialAction\":[{\"@type\":\"SearchAction\",\"target\":{\"@type\":\"EntryPoint\",\"urlTemplate\":\"https:\/\/multilove.es\/?s={search_term_string}\"},\"query-input\":{\"@type\":\"PropertyValueSpecification\",\"valueRequired\":true,\"valueName\":\"search_term_string\"}}],\"inLanguage\":\"ca\"},{\"@type\":\"Organization\",\"@id\":\"https:\/\/multilove.es\/#organization\",\"name\":\"Multi Love\",\"url\":\"https:\/\/multilove.es\/\",\"logo\":{\"@type\":\"ImageObject\",\"inLanguage\":\"ca\",\"@id\":\"https:\/\/multilove.es\/#\/schema\/logo\/image\/\",\"url\":\"https:\/\/multilove.es\/wp-content\/uploads\/2020\/08\/multi-love-animated-logo-12fps-300px.gif\",\"contentUrl\":\"https:\/\/multilove.es\/wp-content\/uploads\/2020\/08\/multi-love-animated-logo-12fps-300px.gif\",\"width\":300,\"height\":300,\"caption\":\"Multi Love\"},\"image\":{\"@id\":\"https:\/\/multilove.es\/#\/schema\/logo\/image\/\"},\"sameAs\":[\"https:\/\/www.facebook.com\/multilovelovelove\",\"https:\/\/www.instagram.com\/multilovelovelove\/\"]}]}<\/script>\n<!-- \/ Yoast SEO plugin. -->","yoast_head_json":{"title":"Multi Love - Habibi Habibti","description":"Multi Love es retro, es nost\u00e1lgico, es pop, es foodie, es freak. Son dise\u00f1os que evocan productos, colores u otros dise\u00f1os que los Multi Lovers reconocemos porque ya han pasado a ser parte de nuestra cultura visual.","robots":{"index":"index","follow":"follow","max-snippet":"max-snippet:-1","max-image-preview":"max-image-preview:large","max-video-preview":"max-video-preview:-1"},"canonical":"https:\/\/multilove.es\/ca\/producte\/habibi-habibti\/","og_locale":"ca_ES","og_type":"article","og_title":"Multi Love - Habibi Habibti","og_description":"Multi Love es retro, es nost\u00e1lgico, es pop, es foodie, es freak. Son dise\u00f1os que evocan productos, colores u otros dise\u00f1os que los Multi Lovers reconocemos porque ya han pasado a ser parte de nuestra cultura visual.","og_url":"https:\/\/multilove.es\/ca\/producte\/habibi-habibti\/","og_site_name":"Multi Love","article_publisher":"https:\/\/www.facebook.com\/multilovelovelove","article_modified_time":"2025-05-28T16:43:28+00:00","og_image":[{"width":1080,"height":1081,"url":"https:\/\/multilove.es\/wp-content\/uploads\/2024\/06\/habibi-mockup.png","type":"image\/png"}],"twitter_card":"summary_large_image","twitter_misc":{"Temps estimat de lectura":"1 minut"},"schema":{"@context":"https:\/\/schema.org","@graph":[{"@type":"WebPage","@id":"https:\/\/multilove.es\/producto\/habibi-habibti\/","url":"https:\/\/multilove.es\/producto\/habibi-habibti\/","name":"Multi Love - Habibi Habibti","isPartOf":{"@id":"https:\/\/multilove.es\/#website"},"primaryImageOfPage":{"@id":"https:\/\/multilove.es\/producto\/habibi-habibti\/#primaryimage"},"image":{"@id":"https:\/\/multilove.es\/producto\/habibi-habibti\/#primaryimage"},"thumbnailUrl":"https:\/\/multilove.es\/wp-content\/uploads\/2024\/06\/habibi-mockup.png","datePublished":"2024-06-02T19:07:15+00:00","dateModified":"2025-05-28T16:43:28+00:00","description":"Multi Love es retro, es nost\u00e1lgico, es pop, es foodie, es freak. Son dise\u00f1os que evocan productos, colores u otros dise\u00f1os que los Multi Lovers reconocemos porque ya han pasado a ser parte de nuestra cultura visual.","breadcrumb":{"@id":"https:\/\/multilove.es\/producto\/habibi-habibti\/#breadcrumb"},"inLanguage":"ca","potentialAction":[{"@type":"ReadAction","target":["https:\/\/multilove.es\/producto\/habibi-habibti\/"]}]},{"@type":"ImageObject","inLanguage":"ca","@id":"https:\/\/multilove.es\/producto\/habibi-habibti\/#primaryimage","url":"https:\/\/multilove.es\/wp-content\/uploads\/2024\/06\/habibi-mockup.png","contentUrl":"https:\/\/multilove.es\/wp-content\/uploads\/2024\/06\/habibi-mockup.png","width":1080,"height":1081},{"@type":"BreadcrumbList","@id":"https:\/\/multilove.es\/producto\/habibi-habibti\/#breadcrumb","itemListElement":[{"@type":"ListItem","position":1,"name":"Portada","item":"https:\/\/multilove.es\/"},{"@type":"ListItem","position":2,"name":"Productos","item":"https:\/\/multilove.es\/ca\/productos\/"},{"@type":"ListItem","position":3,"name":"Habibi Habibti"}]},{"@type":"WebSite","@id":"https:\/\/multilove.es\/#website","url":"https:\/\/multilove.es\/","name":"Multi Love","description":"Tienda de camisetas raras y otras delicias.","publisher":{"@id":"https:\/\/multilove.es\/#organization"},"potentialAction":[{"@type":"SearchAction","target":{"@type":"EntryPoint","urlTemplate":"https:\/\/multilove.es\/?s={search_term_string}"},"query-input":{"@type":"PropertyValueSpecification","valueRequired":true,"valueName":"search_term_string"}}],"inLanguage":"ca"},{"@type":"Organization","@id":"https:\/\/multilove.es\/#organization","name":"Multi Love","url":"https:\/\/multilove.es\/","logo":{"@type":"ImageObject","inLanguage":"ca","@id":"https:\/\/multilove.es\/#\/schema\/logo\/image\/","url":"https:\/\/multilove.es\/wp-content\/uploads\/2020\/08\/multi-love-animated-logo-12fps-300px.gif","contentUrl":"https:\/\/multilove.es\/wp-content\/uploads\/2020\/08\/multi-love-animated-logo-12fps-300px.gif","width":300,"height":300,"caption":"Multi Love"},"image":{"@id":"https:\/\/multilove.es\/#\/schema\/logo\/image\/"},"sameAs":["https:\/\/www.facebook.com\/multilovelovelove","https:\/\/www.instagram.com\/multilovelovelove\/"]}]}},"jetpack_sharing_enabled":true,"_links":{"self":[{"href":"https:\/\/multilove.es\/ca\/wp-json\/wp\/v2\/product\/3917","targetHints":{"allow":["GET"]}}],"collection":[{"href":"https:\/\/multilove.es\/ca\/wp-json\/wp\/v2\/product"}],"about":[{"href":"https:\/\/multilove.es\/ca\/wp-json\/wp\/v2\/types\/product"}],"wp:featuredmedia":[{"embeddable":true,"href":"https:\/\/multilove.es\/ca\/wp-json\/wp\/v2\/media\/3929"}],"wp:attachment":[{"href":"https:\/\/multilove.es\/ca\/wp-json\/wp\/v2\/media?parent=3917"}],"wp:term":[{"taxonomy":"product_brand","embeddable":true,"href":"https:\/\/multilove.es\/ca\/wp-json\/wp\/v2\/product_brand?post=3917"},{"taxonomy":"product_cat","embeddable":true,"href":"https:\/\/multilove.es\/ca\/wp-json\/wp\/v2\/product_cat?post=3917"},{"taxonomy":"product_tag","embeddable":true,"href":"https:\/\/multilove.es\/ca\/wp-json\/wp\/v2\/product_tag?post=3917"}],"curies":[{"name":"wp","href":"https:\/\/api.w.org\/{rel}","templated":true}]}}