{"id":1769,"date":"2020-01-04T15:58:49","date_gmt":"2020-01-04T15:58:49","guid":{"rendered":"https:\/\/multilove.es\/?post_type=product&#038;p=1769"},"modified":"2024-08-30T18:25:32","modified_gmt":"2024-08-30T18:25:32","slug":"bolsa-polleria-consuelo","status":"publish","type":"product","link":"https:\/\/multilove.es\/ca\/producte\/bolsa-polleria-consuelo\/","title":{"rendered":"Bossa Poller\u00eda Consuelo"},"content":{"rendered":"","protected":false},"excerpt":{"rendered":"<ul>\n<li><span style=\"color: #000000;\">Tote Bag blanca<\/span><\/li>\n<li><span style=\"color: #000000;\">100% cot\u00f3 sostenible<\/span><\/li>\n<li><span style=\"color: #000000;\">Impresi\u00f3n digital de alta calidad<\/span><\/li>\n<\/ul>","protected":false},"featured_media":1770,"template":"","meta":[],"product_brand":[],"product_cat":[17],"product_tag":[],"class_list":{"0":"post-1769","1":"product","2":"type-product","3":"status-publish","4":"has-post-thumbnail","6":"product_cat-sin-categorizar","8":"first","9":"instock","10":"taxable","11":"shipping-taxable","12":"purchasable","13":"product-type-simple"},"yoast_head":"<!-- This site is optimized with the Yoast SEO plugin v26.1.1 - https:\/\/yoast.com\/wordpress\/plugins\/seo\/ -->\n<title>Multi Love - Bolsa Poller\u00eda Consuelo<\/title>\n<meta name=\"description\" content=\"Multi Love es retro, es nost\u00e1lgico, es pop, es foodie, es freak. Son dise\u00f1os que evocan productos, colores u otros dise\u00f1os que los Multi Lovers reconocemos porque ya han pasado a ser parte de nuestra cultura visual.\" \/>\n<meta name=\"robots\" content=\"index, follow, max-snippet:-1, max-image-preview:large, max-video-preview:-1\" \/>\n<link rel=\"canonical\" href=\"https:\/\/multilove.es\/ca\/producte\/bolsa-polleria-consuelo\/\" \/>\n<meta property=\"og:locale\" content=\"ca_ES\" \/>\n<meta property=\"og:type\" content=\"article\" \/>\n<meta property=\"og:title\" content=\"Multi Love - Bolsa Poller\u00eda Consuelo\" \/>\n<meta property=\"og:description\" content=\"Multi Love es retro, es nost\u00e1lgico, es pop, es foodie, es freak. Son dise\u00f1os que evocan productos, colores u otros dise\u00f1os que los Multi Lovers reconocemos porque ya han pasado a ser parte de nuestra cultura visual.\" \/>\n<meta property=\"og:url\" content=\"https:\/\/multilove.es\/ca\/producte\/bolsa-polleria-consuelo\/\" \/>\n<meta property=\"og:site_name\" content=\"Multi Love\" \/>\n<meta property=\"article:publisher\" content=\"https:\/\/www.facebook.com\/multilovelovelove\" \/>\n<meta property=\"article:modified_time\" content=\"2024-08-30T18:25:32+00:00\" \/>\n<meta property=\"og:image\" content=\"https:\/\/multilove.es\/wp-content\/uploads\/2022\/02\/polleria.png\" \/>\n\t<meta property=\"og:image:width\" content=\"1261\" \/>\n\t<meta property=\"og:image:height\" content=\"1261\" \/>\n\t<meta property=\"og:image:type\" content=\"image\/png\" \/>\n<meta name=\"twitter:card\" content=\"summary_large_image\" \/>\n<script type=\"application\/ld+json\" class=\"yoast-schema-graph\">{\"@context\":\"https:\/\/schema.org\",\"@graph\":[{\"@type\":\"WebPage\",\"@id\":\"https:\/\/multilove.es\/producto\/bolsa-polleria-consuelo\/\",\"url\":\"https:\/\/multilove.es\/producto\/bolsa-polleria-consuelo\/\",\"name\":\"Multi Love - Bolsa Poller\u00eda Consuelo\",\"isPartOf\":{\"@id\":\"https:\/\/multilove.es\/#website\"},\"primaryImageOfPage\":{\"@id\":\"https:\/\/multilove.es\/producto\/bolsa-polleria-consuelo\/#primaryimage\"},\"image\":{\"@id\":\"https:\/\/multilove.es\/producto\/bolsa-polleria-consuelo\/#primaryimage\"},\"thumbnailUrl\":\"https:\/\/multilove.es\/wp-content\/uploads\/2022\/02\/polleria.png\",\"datePublished\":\"2020-01-04T15:58:49+00:00\",\"dateModified\":\"2024-08-30T18:25:32+00:00\",\"description\":\"Multi Love es retro, es nost\u00e1lgico, es pop, es foodie, es freak. Son dise\u00f1os que evocan productos, colores u otros dise\u00f1os que los Multi Lovers reconocemos porque ya han pasado a ser parte de nuestra cultura visual.\",\"breadcrumb\":{\"@id\":\"https:\/\/multilove.es\/producto\/bolsa-polleria-consuelo\/#breadcrumb\"},\"inLanguage\":\"ca\",\"potentialAction\":[{\"@type\":\"ReadAction\",\"target\":[\"https:\/\/multilove.es\/producto\/bolsa-polleria-consuelo\/\"]}]},{\"@type\":\"ImageObject\",\"inLanguage\":\"ca\",\"@id\":\"https:\/\/multilove.es\/producto\/bolsa-polleria-consuelo\/#primaryimage\",\"url\":\"https:\/\/multilove.es\/wp-content\/uploads\/2022\/02\/polleria.png\",\"contentUrl\":\"https:\/\/multilove.es\/wp-content\/uploads\/2022\/02\/polleria.png\",\"width\":1261,\"height\":1261},{\"@type\":\"BreadcrumbList\",\"@id\":\"https:\/\/multilove.es\/producto\/bolsa-polleria-consuelo\/#breadcrumb\",\"itemListElement\":[{\"@type\":\"ListItem\",\"position\":1,\"name\":\"Portada\",\"item\":\"https:\/\/multilove.es\/\"},{\"@type\":\"ListItem\",\"position\":2,\"name\":\"Productos\",\"item\":\"https:\/\/multilove.es\/ca\/productos\/\"},{\"@type\":\"ListItem\",\"position\":3,\"name\":\"Bolsa Poller\u00eda Consuelo\"}]},{\"@type\":\"WebSite\",\"@id\":\"https:\/\/multilove.es\/#website\",\"url\":\"https:\/\/multilove.es\/\",\"name\":\"Multi Love\",\"description\":\"Tienda de camisetas raras y otras delicias.\",\"publisher\":{\"@id\":\"https:\/\/multilove.es\/#organization\"},\"potentialAction\":[{\"@type\":\"SearchAction\",\"target\":{\"@type\":\"EntryPoint\",\"urlTemplate\":\"https:\/\/multilove.es\/?s={search_term_string}\"},\"query-input\":{\"@type\":\"PropertyValueSpecification\",\"valueRequired\":true,\"valueName\":\"search_term_string\"}}],\"inLanguage\":\"ca\"},{\"@type\":\"Organization\",\"@id\":\"https:\/\/multilove.es\/#organization\",\"name\":\"Multi Love\",\"url\":\"https:\/\/multilove.es\/\",\"logo\":{\"@type\":\"ImageObject\",\"inLanguage\":\"ca\",\"@id\":\"https:\/\/multilove.es\/#\/schema\/logo\/image\/\",\"url\":\"https:\/\/multilove.es\/wp-content\/uploads\/2020\/08\/multi-love-animated-logo-12fps-300px.gif\",\"contentUrl\":\"https:\/\/multilove.es\/wp-content\/uploads\/2020\/08\/multi-love-animated-logo-12fps-300px.gif\",\"width\":300,\"height\":300,\"caption\":\"Multi Love\"},\"image\":{\"@id\":\"https:\/\/multilove.es\/#\/schema\/logo\/image\/\"},\"sameAs\":[\"https:\/\/www.facebook.com\/multilovelovelove\",\"https:\/\/www.instagram.com\/multilovelovelove\/\"]}]}<\/script>\n<!-- \/ Yoast SEO plugin. -->","yoast_head_json":{"title":"Multi Love - Bolsa Poller\u00eda Consuelo","description":"Multi Love es retro, es nost\u00e1lgico, es pop, es foodie, es freak. Son dise\u00f1os que evocan productos, colores u otros dise\u00f1os que los Multi Lovers reconocemos porque ya han pasado a ser parte de nuestra cultura visual.","robots":{"index":"index","follow":"follow","max-snippet":"max-snippet:-1","max-image-preview":"max-image-preview:large","max-video-preview":"max-video-preview:-1"},"canonical":"https:\/\/multilove.es\/ca\/producte\/bolsa-polleria-consuelo\/","og_locale":"ca_ES","og_type":"article","og_title":"Multi Love - Bolsa Poller\u00eda Consuelo","og_description":"Multi Love es retro, es nost\u00e1lgico, es pop, es foodie, es freak. Son dise\u00f1os que evocan productos, colores u otros dise\u00f1os que los Multi Lovers reconocemos porque ya han pasado a ser parte de nuestra cultura visual.","og_url":"https:\/\/multilove.es\/ca\/producte\/bolsa-polleria-consuelo\/","og_site_name":"Multi Love","article_publisher":"https:\/\/www.facebook.com\/multilovelovelove","article_modified_time":"2024-08-30T18:25:32+00:00","og_image":[{"width":1261,"height":1261,"url":"https:\/\/multilove.es\/wp-content\/uploads\/2022\/02\/polleria.png","type":"image\/png"}],"twitter_card":"summary_large_image","schema":{"@context":"https:\/\/schema.org","@graph":[{"@type":"WebPage","@id":"https:\/\/multilove.es\/producto\/bolsa-polleria-consuelo\/","url":"https:\/\/multilove.es\/producto\/bolsa-polleria-consuelo\/","name":"Multi Love - Bolsa Poller\u00eda Consuelo","isPartOf":{"@id":"https:\/\/multilove.es\/#website"},"primaryImageOfPage":{"@id":"https:\/\/multilove.es\/producto\/bolsa-polleria-consuelo\/#primaryimage"},"image":{"@id":"https:\/\/multilove.es\/producto\/bolsa-polleria-consuelo\/#primaryimage"},"thumbnailUrl":"https:\/\/multilove.es\/wp-content\/uploads\/2022\/02\/polleria.png","datePublished":"2020-01-04T15:58:49+00:00","dateModified":"2024-08-30T18:25:32+00:00","description":"Multi Love es retro, es nost\u00e1lgico, es pop, es foodie, es freak. Son dise\u00f1os que evocan productos, colores u otros dise\u00f1os que los Multi Lovers reconocemos porque ya han pasado a ser parte de nuestra cultura visual.","breadcrumb":{"@id":"https:\/\/multilove.es\/producto\/bolsa-polleria-consuelo\/#breadcrumb"},"inLanguage":"ca","potentialAction":[{"@type":"ReadAction","target":["https:\/\/multilove.es\/producto\/bolsa-polleria-consuelo\/"]}]},{"@type":"ImageObject","inLanguage":"ca","@id":"https:\/\/multilove.es\/producto\/bolsa-polleria-consuelo\/#primaryimage","url":"https:\/\/multilove.es\/wp-content\/uploads\/2022\/02\/polleria.png","contentUrl":"https:\/\/multilove.es\/wp-content\/uploads\/2022\/02\/polleria.png","width":1261,"height":1261},{"@type":"BreadcrumbList","@id":"https:\/\/multilove.es\/producto\/bolsa-polleria-consuelo\/#breadcrumb","itemListElement":[{"@type":"ListItem","position":1,"name":"Portada","item":"https:\/\/multilove.es\/"},{"@type":"ListItem","position":2,"name":"Productos","item":"https:\/\/multilove.es\/ca\/productos\/"},{"@type":"ListItem","position":3,"name":"Bolsa Poller\u00eda Consuelo"}]},{"@type":"WebSite","@id":"https:\/\/multilove.es\/#website","url":"https:\/\/multilove.es\/","name":"Multi Love","description":"Tienda de camisetas raras y otras delicias.","publisher":{"@id":"https:\/\/multilove.es\/#organization"},"potentialAction":[{"@type":"SearchAction","target":{"@type":"EntryPoint","urlTemplate":"https:\/\/multilove.es\/?s={search_term_string}"},"query-input":{"@type":"PropertyValueSpecification","valueRequired":true,"valueName":"search_term_string"}}],"inLanguage":"ca"},{"@type":"Organization","@id":"https:\/\/multilove.es\/#organization","name":"Multi Love","url":"https:\/\/multilove.es\/","logo":{"@type":"ImageObject","inLanguage":"ca","@id":"https:\/\/multilove.es\/#\/schema\/logo\/image\/","url":"https:\/\/multilove.es\/wp-content\/uploads\/2020\/08\/multi-love-animated-logo-12fps-300px.gif","contentUrl":"https:\/\/multilove.es\/wp-content\/uploads\/2020\/08\/multi-love-animated-logo-12fps-300px.gif","width":300,"height":300,"caption":"Multi Love"},"image":{"@id":"https:\/\/multilove.es\/#\/schema\/logo\/image\/"},"sameAs":["https:\/\/www.facebook.com\/multilovelovelove","https:\/\/www.instagram.com\/multilovelovelove\/"]}]}},"jetpack_sharing_enabled":true,"_links":{"self":[{"href":"https:\/\/multilove.es\/ca\/wp-json\/wp\/v2\/product\/1769","targetHints":{"allow":["GET"]}}],"collection":[{"href":"https:\/\/multilove.es\/ca\/wp-json\/wp\/v2\/product"}],"about":[{"href":"https:\/\/multilove.es\/ca\/wp-json\/wp\/v2\/types\/product"}],"wp:featuredmedia":[{"embeddable":true,"href":"https:\/\/multilove.es\/ca\/wp-json\/wp\/v2\/media\/1770"}],"wp:attachment":[{"href":"https:\/\/multilove.es\/ca\/wp-json\/wp\/v2\/media?parent=1769"}],"wp:term":[{"taxonomy":"product_brand","embeddable":true,"href":"https:\/\/multilove.es\/ca\/wp-json\/wp\/v2\/product_brand?post=1769"},{"taxonomy":"product_cat","embeddable":true,"href":"https:\/\/multilove.es\/ca\/wp-json\/wp\/v2\/product_cat?post=1769"},{"taxonomy":"product_tag","embeddable":true,"href":"https:\/\/multilove.es\/ca\/wp-json\/wp\/v2\/product_tag?post=1769"}],"curies":[{"name":"wp","href":"https:\/\/api.w.org\/{rel}","templated":true}]}}