{"id":17,"date":"2020-08-12T17:38:15","date_gmt":"2020-08-12T17:38:15","guid":{"rendered":"http:\/\/multilove.es\/?page_id=17"},"modified":"2025-05-28T16:09:07","modified_gmt":"2025-05-28T16:09:07","slug":"envio-y-tallas","status":"publish","type":"page","link":"https:\/\/multilove.es\/ca\/envio-y-tallas\/","title":{"rendered":"ENVIAMENT I TALLES"},"content":{"rendered":"<div data-elementor-type=\"wp-page\" data-elementor-id=\"17\" class=\"elementor elementor-17\">\n\t\t\t\t\t\t<section class=\"elementor-section elementor-top-section elementor-element elementor-element-c358043 elementor-section-stretched elementor-section-boxed elementor-section-height-default elementor-section-height-default\" data-id=\"c358043\" data-element_type=\"section\" data-settings=\"{&quot;stretch_section&quot;:&quot;section-stretched&quot;}\">\n\t\t\t\t\t\t<div class=\"elementor-container elementor-column-gap-default\">\n\t\t\t\t\t<div class=\"elementor-column elementor-col-50 elementor-top-column elementor-element elementor-element-75015a1\" data-id=\"75015a1\" data-element_type=\"column\">\n\t\t\t<div class=\"elementor-widget-wrap elementor-element-populated\">\n\t\t\t\t\t\t<div class=\"elementor-element elementor-element-84110d2 elementor-widget elementor-widget-accordion\" data-id=\"84110d2\" data-element_type=\"widget\" data-widget_type=\"accordion.default\">\n\t\t\t\t<div class=\"elementor-widget-container\">\n\t\t\t\t\t\t\t<div class=\"elementor-accordion\">\n\t\t\t\t\t\t\t<div class=\"elementor-accordion-item\">\n\t\t\t\t\t<div id=\"elementor-tab-title-1381\" class=\"elementor-tab-title\" data-tab=\"1\" role=\"button\" aria-controls=\"elementor-tab-content-1381\" aria-expanded=\"false\">\n\t\t\t\t\t\t\t\t\t\t\t\t\t<span class=\"elementor-accordion-icon elementor-accordion-icon-left\" aria-hidden=\"true\">\n\t\t\t\t\t\t\t\t\t\t\t\t\t\t\t<span class=\"elementor-accordion-icon-closed\"><i class=\"fas fa-plus\"><\/i><\/span>\n\t\t\t\t\t\t\t\t<span class=\"elementor-accordion-icon-opened\"><i class=\"fas fa-minus\"><\/i><\/span>\n\t\t\t\t\t\t\t\t\t\t\t\t\t\t<\/span>\n\t\t\t\t\t\t\t\t\t\t\t\t<a class=\"elementor-accordion-title\" tabindex=\"0\">ENVIAMENT<\/a>\n\t\t\t\t\t<\/div>\n\t\t\t\t\t<div id=\"elementor-tab-content-1381\" class=\"elementor-tab-content elementor-clearfix\" data-tab=\"1\" role=\"region\" aria-labelledby=\"elementor-tab-title-1381\"><p>Els enviaments es realitzaran al moment de la compra i es rebran en 5-9 dies h\u00e0bils.<\/p><p>Preguem pasci\u00e8ncia ja que fem les samarretes una a una. Una vegada la comanda isca de les nostres instal\u00b7lacions, la empresa de missatgeria vos enviar\u00e0 un n\u00famero de seguiment.<\/p><\/div>\n\t\t\t\t<\/div>\n\t\t\t\t\t\t\t<div class=\"elementor-accordion-item\">\n\t\t\t\t\t<div id=\"elementor-tab-title-1382\" class=\"elementor-tab-title\" data-tab=\"2\" role=\"button\" aria-controls=\"elementor-tab-content-1382\" aria-expanded=\"false\">\n\t\t\t\t\t\t\t\t\t\t\t\t\t<span class=\"elementor-accordion-icon elementor-accordion-icon-left\" aria-hidden=\"true\">\n\t\t\t\t\t\t\t\t\t\t\t\t\t\t\t<span class=\"elementor-accordion-icon-closed\"><i class=\"fas fa-plus\"><\/i><\/span>\n\t\t\t\t\t\t\t\t<span class=\"elementor-accordion-icon-opened\"><i class=\"fas fa-minus\"><\/i><\/span>\n\t\t\t\t\t\t\t\t\t\t\t\t\t\t<\/span>\n\t\t\t\t\t\t\t\t\t\t\t\t<a class=\"elementor-accordion-title\" tabindex=\"0\">DESPESES D'ENVIAMENT<\/a>\n\t\t\t\t\t<\/div>\n\t\t\t\t\t<div id=\"elementor-tab-content-1382\" class=\"elementor-tab-content elementor-clearfix\" data-tab=\"2\" role=\"region\" aria-labelledby=\"elementor-tab-title-1382\"><p>Enviaments a tota Espanya: 5\u20ac. 5-9 dies h\u00e0bils.<\/p><p>Enviaments a Europa: 10\u20ac.<\/p><p>Totes les entregues estan realitzades per l\u2019empresa de missatgeria urbana sostenible Encicle\/GLS<\/p><\/div>\n\t\t\t\t<\/div>\n\t\t\t\t\t\t\t<div class=\"elementor-accordion-item\">\n\t\t\t\t\t<div id=\"elementor-tab-title-1383\" class=\"elementor-tab-title\" data-tab=\"3\" role=\"button\" aria-controls=\"elementor-tab-content-1383\" aria-expanded=\"false\">\n\t\t\t\t\t\t\t\t\t\t\t\t\t<span class=\"elementor-accordion-icon elementor-accordion-icon-left\" aria-hidden=\"true\">\n\t\t\t\t\t\t\t\t\t\t\t\t\t\t\t<span class=\"elementor-accordion-icon-closed\"><i class=\"fas fa-plus\"><\/i><\/span>\n\t\t\t\t\t\t\t\t<span class=\"elementor-accordion-icon-opened\"><i class=\"fas fa-minus\"><\/i><\/span>\n\t\t\t\t\t\t\t\t\t\t\t\t\t\t<\/span>\n\t\t\t\t\t\t\t\t\t\t\t\t<a class=\"elementor-accordion-title\" tabindex=\"0\">RECOLLIDA LOCAL (VAL\u00c8NCIA)<\/a>\n\t\t\t\t\t<\/div>\n\t\t\t\t\t<div id=\"elementor-tab-content-1383\" class=\"elementor-tab-content elementor-clearfix\" data-tab=\"3\" role=\"region\" aria-labelledby=\"elementor-tab-title-1383\"><p>Si voleu estalviar-se les despeses d\u2019enviament, podeu recollir la vostra comanda a la seg\u00fcent adre\u00e7a:<\/p>\n<p><strong>Carrer de l\u2019Hospital 22, 46001 Valencia<\/strong><\/p>\n<p>Horari:<\/p>\n<p>De dilluns a dijous de 9:30h a 17:00h<\/p>\n<p>Divendres 9:00h -16:30h<\/p>\n<p>A l'hora de pagar online, sel\u00b7leccioneu la opci\u00f3 \"Recollida local\".<\/p><\/div>\n\t\t\t\t<\/div>\n\t\t\t\t\t\t\t\t<\/div>\n\t\t\t\t\t\t<\/div>\n\t\t\t\t<\/div>\n\t\t\t\t\t<\/div>\n\t\t<\/div>\n\t\t\t\t<div class=\"elementor-column elementor-col-50 elementor-top-column elementor-element elementor-element-87c6666\" data-id=\"87c6666\" data-element_type=\"column\">\n\t\t\t<div class=\"elementor-widget-wrap elementor-element-populated\">\n\t\t\t\t\t\t<div class=\"elementor-element elementor-element-cc8b06c elementor-widget elementor-widget-accordion\" data-id=\"cc8b06c\" data-element_type=\"widget\" data-widget_type=\"accordion.default\">\n\t\t\t\t<div class=\"elementor-widget-container\">\n\t\t\t\t\t\t\t<div class=\"elementor-accordion\">\n\t\t\t\t\t\t\t<div class=\"elementor-accordion-item\">\n\t\t\t\t\t<div id=\"elementor-tab-title-2141\" class=\"elementor-tab-title\" data-tab=\"1\" role=\"button\" aria-controls=\"elementor-tab-content-2141\" aria-expanded=\"false\">\n\t\t\t\t\t\t\t\t\t\t\t\t\t<span class=\"elementor-accordion-icon elementor-accordion-icon-left\" aria-hidden=\"true\">\n\t\t\t\t\t\t\t\t\t\t\t\t\t\t\t<span class=\"elementor-accordion-icon-closed\"><i class=\"fas fa-plus\"><\/i><\/span>\n\t\t\t\t\t\t\t\t<span class=\"elementor-accordion-icon-opened\"><i class=\"fas fa-minus\"><\/i><\/span>\n\t\t\t\t\t\t\t\t\t\t\t\t\t\t<\/span>\n\t\t\t\t\t\t\t\t\t\t\t\t<a class=\"elementor-accordion-title\" tabindex=\"0\">GUIA DE TALLES<\/a>\n\t\t\t\t\t<\/div>\n\t\t\t\t\t<div id=\"elementor-tab-content-2141\" class=\"elementor-tab-content elementor-clearfix\" data-tab=\"1\" role=\"region\" aria-labelledby=\"elementor-tab-title-2141\"><p><img fetchpriority=\"high\" decoding=\"async\" class=\"alignnone wp-image-5128 size-medium\" src=\"https:\/\/multilove.es\/wp-content\/uploads\/2025\/05\/talles-cami-300x300.png\" alt=\"\" width=\"300\" height=\"300\" srcset=\"https:\/\/multilove.es\/wp-content\/uploads\/2025\/05\/talles-cami-300x300.png 300w, https:\/\/multilove.es\/wp-content\/uploads\/2025\/05\/talles-cami-1024x1024.png 1024w, https:\/\/multilove.es\/wp-content\/uploads\/2025\/05\/talles-cami-150x150.png 150w, https:\/\/multilove.es\/wp-content\/uploads\/2025\/05\/talles-cami-768x768.png 768w, https:\/\/multilove.es\/wp-content\/uploads\/2025\/05\/talles-cami-12x12.png 12w, https:\/\/multilove.es\/wp-content\/uploads\/2025\/05\/talles-cami-600x600.png 600w, https:\/\/multilove.es\/wp-content\/uploads\/2025\/05\/talles-cami-100x100.png 100w, https:\/\/multilove.es\/wp-content\/uploads\/2025\/05\/talles-cami.png 1212w\" sizes=\"(max-width: 300px) 100vw, 300px\" \/><\/p><p><img decoding=\"async\" class=\"alignnone wp-image-5141 size-medium\" src=\"https:\/\/multilove.es\/wp-content\/uploads\/2025\/05\/Taula-talles-300x74.png\" alt=\"\" width=\"300\" height=\"74\" srcset=\"https:\/\/multilove.es\/wp-content\/uploads\/2025\/05\/Taula-talles-300x74.png 300w, https:\/\/multilove.es\/wp-content\/uploads\/2025\/05\/Taula-talles-768x189.png 768w, https:\/\/multilove.es\/wp-content\/uploads\/2025\/05\/Taula-talles-18x4.png 18w, https:\/\/multilove.es\/wp-content\/uploads\/2025\/05\/Taula-talles-600x148.png 600w, https:\/\/multilove.es\/wp-content\/uploads\/2025\/05\/Taula-talles.png 805w\" sizes=\"(max-width: 300px) 100vw, 300px\" \/><\/p><p><img decoding=\"async\" class=\"alignnone wp-image-5145 size-medium\" src=\"https:\/\/multilove.es\/wp-content\/uploads\/2025\/05\/talles-cami-RINGER-300x300.png\" alt=\"\" width=\"300\" height=\"300\" srcset=\"https:\/\/multilove.es\/wp-content\/uploads\/2025\/05\/talles-cami-RINGER-300x300.png 300w, https:\/\/multilove.es\/wp-content\/uploads\/2025\/05\/talles-cami-RINGER-1024x1024.png 1024w, https:\/\/multilove.es\/wp-content\/uploads\/2025\/05\/talles-cami-RINGER-150x150.png 150w, https:\/\/multilove.es\/wp-content\/uploads\/2025\/05\/talles-cami-RINGER-768x768.png 768w, https:\/\/multilove.es\/wp-content\/uploads\/2025\/05\/talles-cami-RINGER-12x12.png 12w, https:\/\/multilove.es\/wp-content\/uploads\/2025\/05\/talles-cami-RINGER-600x600.png 600w, https:\/\/multilove.es\/wp-content\/uploads\/2025\/05\/talles-cami-RINGER-100x100.png 100w, https:\/\/multilove.es\/wp-content\/uploads\/2025\/05\/talles-cami-RINGER.png 1212w\" sizes=\"(max-width: 300px) 100vw, 300px\" \/> <img loading=\"lazy\" decoding=\"async\" class=\"alignnone wp-image-5146 size-medium\" src=\"https:\/\/multilove.es\/wp-content\/uploads\/2025\/05\/Taula-talles-ringer-300x87.png\" alt=\"\" width=\"300\" height=\"87\" srcset=\"https:\/\/multilove.es\/wp-content\/uploads\/2025\/05\/Taula-talles-ringer-300x87.png 300w, https:\/\/multilove.es\/wp-content\/uploads\/2025\/05\/Taula-talles-ringer-18x5.png 18w, https:\/\/multilove.es\/wp-content\/uploads\/2025\/05\/Taula-talles-ringer-600x174.png 600w, https:\/\/multilove.es\/wp-content\/uploads\/2025\/05\/Taula-talles-ringer.png 684w\" sizes=\"(max-width: 300px) 100vw, 300px\" \/><\/p><p><img loading=\"lazy\" decoding=\"async\" class=\"alignnone wp-image-5130 size-medium\" src=\"https:\/\/multilove.es\/wp-content\/uploads\/2025\/05\/talles-sudadera-300x300.png\" alt=\"\" width=\"300\" height=\"300\" srcset=\"https:\/\/multilove.es\/wp-content\/uploads\/2025\/05\/talles-sudadera-300x300.png 300w, https:\/\/multilove.es\/wp-content\/uploads\/2025\/05\/talles-sudadera-1024x1024.png 1024w, https:\/\/multilove.es\/wp-content\/uploads\/2025\/05\/talles-sudadera-150x150.png 150w, https:\/\/multilove.es\/wp-content\/uploads\/2025\/05\/talles-sudadera-768x768.png 768w, https:\/\/multilove.es\/wp-content\/uploads\/2025\/05\/talles-sudadera-12x12.png 12w, https:\/\/multilove.es\/wp-content\/uploads\/2025\/05\/talles-sudadera-600x600.png 600w, https:\/\/multilove.es\/wp-content\/uploads\/2025\/05\/talles-sudadera-100x100.png 100w, https:\/\/multilove.es\/wp-content\/uploads\/2025\/05\/talles-sudadera.png 1212w\" sizes=\"(max-width: 300px) 100vw, 300px\" \/><\/p><p><img loading=\"lazy\" decoding=\"async\" class=\"alignleft wp-image-689\" src=\"https:\/\/multilove.es\/wp-content\/uploads\/2020\/10\/Taula-talles-x2-sudadera.png\" alt=\"\" width=\"275\" height=\"78\" srcset=\"https:\/\/multilove.es\/wp-content\/uploads\/2020\/10\/Taula-talles-x2-sudadera.png 690w, https:\/\/multilove.es\/wp-content\/uploads\/2020\/10\/Taula-talles-x2-sudadera-300x85.png 300w, https:\/\/multilove.es\/wp-content\/uploads\/2020\/10\/Taula-talles-x2-sudadera-600x170.png 600w\" sizes=\"(max-width: 275px) 100vw, 275px\" \/><\/p><p>\u00a0<\/p><p>\u00a0<\/p><p>\u00a0<\/p><p>Pregunta per talles infantils, extragrans o entallades a <span style=\"text-decoration: underline;\"><a href=\"mailto:holamultilove@gmail.com\">holamultilove@gmail.com<\/a><\/span><\/p><\/div>\n\t\t\t\t<\/div>\n\t\t\t\t\t\t\t<div class=\"elementor-accordion-item\">\n\t\t\t\t\t<div id=\"elementor-tab-title-2142\" class=\"elementor-tab-title\" data-tab=\"2\" role=\"button\" aria-controls=\"elementor-tab-content-2142\" aria-expanded=\"false\">\n\t\t\t\t\t\t\t\t\t\t\t\t\t<span class=\"elementor-accordion-icon elementor-accordion-icon-left\" aria-hidden=\"true\">\n\t\t\t\t\t\t\t\t\t\t\t\t\t\t\t<span class=\"elementor-accordion-icon-closed\"><i class=\"fas fa-plus\"><\/i><\/span>\n\t\t\t\t\t\t\t\t<span class=\"elementor-accordion-icon-opened\"><i class=\"fas fa-minus\"><\/i><\/span>\n\t\t\t\t\t\t\t\t\t\t\t\t\t\t<\/span>\n\t\t\t\t\t\t\t\t\t\t\t\t<a class=\"elementor-accordion-title\" tabindex=\"0\">CANVIS I DEVOLUCIONS<\/a>\n\t\t\t\t\t<\/div>\n\t\t\t\t\t<div id=\"elementor-tab-content-2142\" class=\"elementor-tab-content elementor-clearfix\" data-tab=\"2\" role=\"region\" aria-labelledby=\"elementor-tab-title-2142\"><p class=\"p1\">Al ser tirades \u00faniques amb un stock limitat, no s\u2019admeten canvis de talla. Per evitar malentesos, podeu consultar la guia de talles m\u00e9s amunt.<\/p><\/div>\n\t\t\t\t<\/div>\n\t\t\t\t\t\t\t\t<\/div>\n\t\t\t\t\t\t<\/div>\n\t\t\t\t<\/div>\n\t\t\t\t<div class=\"elementor-element elementor-element-3b37a81 elementor-widget elementor-widget-html\" data-id=\"3b37a81\" data-element_type=\"widget\" data-widget_type=\"html.default\">\n\t\t\t\t<div class=\"elementor-widget-container\">\n\t\t\t\t\t<script> jQuery(document).ready(function($) { var delay = 100; setTimeout(function() { $('.elementor-tab-title').removeClass('elementor-active'); $('.elementor-tab-content').css('display', 'none'); }, delay); }); <\/script>\t\t\t\t<\/div>\n\t\t\t\t<\/div>\n\t\t\t\t\t<\/div>\n\t\t<\/div>\n\t\t\t\t\t<\/div>\n\t\t<\/section>\n\t\t\t\t<\/div>","protected":false},"excerpt":{"rendered":"<p>ENV\u00cdO Los env\u00edos se realizar\u00e1n en el momento de la compra y se recibir\u00e1n en 5-9 d\u00edas h\u00e1biles. Rogamos paciencia ya que hacemos las camisetas una a una. Una vez el pedido salga de nuestras instalaciones, la empresa de mensajer\u00eda le enviar\u00e1 un n\u00famero de seguimiento. GASTOS DE ENV\u00cdO Env\u00edos a toda Espa\u00f1a: 5\u20ac. 5-9 [&hellip;]<\/p>","protected":false},"author":1,"featured_media":0,"parent":0,"menu_order":0,"comment_status":"closed","ping_status":"closed","template":"elementor_header_footer","meta":{"footnotes":""},"class_list":["post-17","page","type-page","status-publish","hentry"],"yoast_head":"<!-- This site is optimized with the Yoast SEO plugin v26.1.1 - https:\/\/yoast.com\/wordpress\/plugins\/seo\/ -->\n<title>Multi Love - Multi Love<\/title>\n<meta name=\"description\" content=\"Multi Love es retro, es nost\u00e1lgico, es pop, es foodie, es freak. Son dise\u00f1os que evocan productos, colores u otros dise\u00f1os que los Multi Lovers reconocemos porque ya han pasado a ser parte de nuestra cultura visual.\" \/>\n<meta name=\"robots\" content=\"index, follow, max-snippet:-1, max-image-preview:large, max-video-preview:-1\" \/>\n<link rel=\"canonical\" href=\"https:\/\/multilove.es\/ca\/envio-y-tallas\/\" \/>\n<meta property=\"og:locale\" content=\"ca_ES\" \/>\n<meta property=\"og:type\" content=\"article\" \/>\n<meta property=\"og:title\" content=\"Multi Love - Multi Love\" \/>\n<meta property=\"og:description\" content=\"Multi Love es retro, es nost\u00e1lgico, es pop, es foodie, es freak. Son dise\u00f1os que evocan productos, colores u otros dise\u00f1os que los Multi Lovers reconocemos porque ya han pasado a ser parte de nuestra cultura visual.\" \/>\n<meta property=\"og:url\" content=\"https:\/\/multilove.es\/ca\/envio-y-tallas\/\" \/>\n<meta property=\"og:site_name\" content=\"Multi Love\" \/>\n<meta property=\"article:publisher\" content=\"https:\/\/www.facebook.com\/multilovelovelove\" \/>\n<meta property=\"article:modified_time\" content=\"2025-05-28T16:09:07+00:00\" \/>\n<meta property=\"og:image\" content=\"https:\/\/multilove.es\/wp-content\/uploads\/2025\/05\/talles-cami.png\" \/>\n\t<meta property=\"og:image:width\" content=\"1212\" \/>\n\t<meta property=\"og:image:height\" content=\"1212\" \/>\n\t<meta property=\"og:image:type\" content=\"image\/png\" \/>\n<meta name=\"twitter:card\" content=\"summary_large_image\" \/>\n<meta name=\"twitter:label1\" content=\"Temps estimat de lectura\" \/>\n\t<meta name=\"twitter:data1\" content=\"2 minuts\" \/>\n<script type=\"application\/ld+json\" class=\"yoast-schema-graph\">{\"@context\":\"https:\/\/schema.org\",\"@graph\":[{\"@type\":\"WebPage\",\"@id\":\"https:\/\/multilove.es\/envio-y-tallas\/\",\"url\":\"https:\/\/multilove.es\/envio-y-tallas\/\",\"name\":\"Multi Love - Multi Love\",\"isPartOf\":{\"@id\":\"https:\/\/multilove.es\/#website\"},\"primaryImageOfPage\":{\"@id\":\"https:\/\/multilove.es\/envio-y-tallas\/#primaryimage\"},\"image\":{\"@id\":\"https:\/\/multilove.es\/envio-y-tallas\/#primaryimage\"},\"thumbnailUrl\":\"https:\/\/multilove.es\/wp-content\/uploads\/2025\/05\/talles-cami-300x300.png\",\"datePublished\":\"2020-08-12T17:38:15+00:00\",\"dateModified\":\"2025-05-28T16:09:07+00:00\",\"description\":\"Multi Love es retro, es nost\u00e1lgico, es pop, es foodie, es freak. Son dise\u00f1os que evocan productos, colores u otros dise\u00f1os que los Multi Lovers reconocemos porque ya han pasado a ser parte de nuestra cultura visual.\",\"breadcrumb\":{\"@id\":\"https:\/\/multilove.es\/envio-y-tallas\/#breadcrumb\"},\"inLanguage\":\"ca\",\"potentialAction\":[{\"@type\":\"ReadAction\",\"target\":[\"https:\/\/multilove.es\/envio-y-tallas\/\"]}]},{\"@type\":\"ImageObject\",\"inLanguage\":\"ca\",\"@id\":\"https:\/\/multilove.es\/envio-y-tallas\/#primaryimage\",\"url\":\"https:\/\/multilove.es\/wp-content\/uploads\/2025\/05\/talles-cami-300x300.png\",\"contentUrl\":\"https:\/\/multilove.es\/wp-content\/uploads\/2025\/05\/talles-cami-300x300.png\"},{\"@type\":\"BreadcrumbList\",\"@id\":\"https:\/\/multilove.es\/envio-y-tallas\/#breadcrumb\",\"itemListElement\":[{\"@type\":\"ListItem\",\"position\":1,\"name\":\"Portada\",\"item\":\"https:\/\/multilove.es\/\"},{\"@type\":\"ListItem\",\"position\":2,\"name\":\"ENV\u00cdO Y TALLAS\"}]},{\"@type\":\"WebSite\",\"@id\":\"https:\/\/multilove.es\/#website\",\"url\":\"https:\/\/multilove.es\/\",\"name\":\"Multi Love\",\"description\":\"Tienda de camisetas raras y otras delicias.\",\"publisher\":{\"@id\":\"https:\/\/multilove.es\/#organization\"},\"potentialAction\":[{\"@type\":\"SearchAction\",\"target\":{\"@type\":\"EntryPoint\",\"urlTemplate\":\"https:\/\/multilove.es\/?s={search_term_string}\"},\"query-input\":{\"@type\":\"PropertyValueSpecification\",\"valueRequired\":true,\"valueName\":\"search_term_string\"}}],\"inLanguage\":\"ca\"},{\"@type\":\"Organization\",\"@id\":\"https:\/\/multilove.es\/#organization\",\"name\":\"Multi Love\",\"url\":\"https:\/\/multilove.es\/\",\"logo\":{\"@type\":\"ImageObject\",\"inLanguage\":\"ca\",\"@id\":\"https:\/\/multilove.es\/#\/schema\/logo\/image\/\",\"url\":\"https:\/\/multilove.es\/wp-content\/uploads\/2020\/08\/multi-love-animated-logo-12fps-300px.gif\",\"contentUrl\":\"https:\/\/multilove.es\/wp-content\/uploads\/2020\/08\/multi-love-animated-logo-12fps-300px.gif\",\"width\":300,\"height\":300,\"caption\":\"Multi Love\"},\"image\":{\"@id\":\"https:\/\/multilove.es\/#\/schema\/logo\/image\/\"},\"sameAs\":[\"https:\/\/www.facebook.com\/multilovelovelove\",\"https:\/\/www.instagram.com\/multilovelovelove\/\"]}]}<\/script>\n<!-- \/ Yoast SEO plugin. -->","yoast_head_json":{"title":"Multi Love - Multi Love","description":"Multi Love es retro, es nost\u00e1lgico, es pop, es foodie, es freak. Son dise\u00f1os que evocan productos, colores u otros dise\u00f1os que los Multi Lovers reconocemos porque ya han pasado a ser parte de nuestra cultura visual.","robots":{"index":"index","follow":"follow","max-snippet":"max-snippet:-1","max-image-preview":"max-image-preview:large","max-video-preview":"max-video-preview:-1"},"canonical":"https:\/\/multilove.es\/ca\/envio-y-tallas\/","og_locale":"ca_ES","og_type":"article","og_title":"Multi Love - Multi Love","og_description":"Multi Love es retro, es nost\u00e1lgico, es pop, es foodie, es freak. Son dise\u00f1os que evocan productos, colores u otros dise\u00f1os que los Multi Lovers reconocemos porque ya han pasado a ser parte de nuestra cultura visual.","og_url":"https:\/\/multilove.es\/ca\/envio-y-tallas\/","og_site_name":"Multi Love","article_publisher":"https:\/\/www.facebook.com\/multilovelovelove","article_modified_time":"2025-05-28T16:09:07+00:00","og_image":[{"width":1212,"height":1212,"url":"https:\/\/multilove.es\/wp-content\/uploads\/2025\/05\/talles-cami.png","type":"image\/png"}],"twitter_card":"summary_large_image","twitter_misc":{"Temps estimat de lectura":"2 minuts"},"schema":{"@context":"https:\/\/schema.org","@graph":[{"@type":"WebPage","@id":"https:\/\/multilove.es\/envio-y-tallas\/","url":"https:\/\/multilove.es\/envio-y-tallas\/","name":"Multi Love - Multi Love","isPartOf":{"@id":"https:\/\/multilove.es\/#website"},"primaryImageOfPage":{"@id":"https:\/\/multilove.es\/envio-y-tallas\/#primaryimage"},"image":{"@id":"https:\/\/multilove.es\/envio-y-tallas\/#primaryimage"},"thumbnailUrl":"https:\/\/multilove.es\/wp-content\/uploads\/2025\/05\/talles-cami-300x300.png","datePublished":"2020-08-12T17:38:15+00:00","dateModified":"2025-05-28T16:09:07+00:00","description":"Multi Love es retro, es nost\u00e1lgico, es pop, es foodie, es freak. Son dise\u00f1os que evocan productos, colores u otros dise\u00f1os que los Multi Lovers reconocemos porque ya han pasado a ser parte de nuestra cultura visual.","breadcrumb":{"@id":"https:\/\/multilove.es\/envio-y-tallas\/#breadcrumb"},"inLanguage":"ca","potentialAction":[{"@type":"ReadAction","target":["https:\/\/multilove.es\/envio-y-tallas\/"]}]},{"@type":"ImageObject","inLanguage":"ca","@id":"https:\/\/multilove.es\/envio-y-tallas\/#primaryimage","url":"https:\/\/multilove.es\/wp-content\/uploads\/2025\/05\/talles-cami-300x300.png","contentUrl":"https:\/\/multilove.es\/wp-content\/uploads\/2025\/05\/talles-cami-300x300.png"},{"@type":"BreadcrumbList","@id":"https:\/\/multilove.es\/envio-y-tallas\/#breadcrumb","itemListElement":[{"@type":"ListItem","position":1,"name":"Portada","item":"https:\/\/multilove.es\/"},{"@type":"ListItem","position":2,"name":"ENV\u00cdO Y TALLAS"}]},{"@type":"WebSite","@id":"https:\/\/multilove.es\/#website","url":"https:\/\/multilove.es\/","name":"Multi Love","description":"Tienda de camisetas raras y otras delicias.","publisher":{"@id":"https:\/\/multilove.es\/#organization"},"potentialAction":[{"@type":"SearchAction","target":{"@type":"EntryPoint","urlTemplate":"https:\/\/multilove.es\/?s={search_term_string}"},"query-input":{"@type":"PropertyValueSpecification","valueRequired":true,"valueName":"search_term_string"}}],"inLanguage":"ca"},{"@type":"Organization","@id":"https:\/\/multilove.es\/#organization","name":"Multi Love","url":"https:\/\/multilove.es\/","logo":{"@type":"ImageObject","inLanguage":"ca","@id":"https:\/\/multilove.es\/#\/schema\/logo\/image\/","url":"https:\/\/multilove.es\/wp-content\/uploads\/2020\/08\/multi-love-animated-logo-12fps-300px.gif","contentUrl":"https:\/\/multilove.es\/wp-content\/uploads\/2020\/08\/multi-love-animated-logo-12fps-300px.gif","width":300,"height":300,"caption":"Multi Love"},"image":{"@id":"https:\/\/multilove.es\/#\/schema\/logo\/image\/"},"sameAs":["https:\/\/www.facebook.com\/multilovelovelove","https:\/\/www.instagram.com\/multilovelovelove\/"]}]}},"jetpack_sharing_enabled":true,"_links":{"self":[{"href":"https:\/\/multilove.es\/ca\/wp-json\/wp\/v2\/pages\/17","targetHints":{"allow":["GET"]}}],"collection":[{"href":"https:\/\/multilove.es\/ca\/wp-json\/wp\/v2\/pages"}],"about":[{"href":"https:\/\/multilove.es\/ca\/wp-json\/wp\/v2\/types\/page"}],"author":[{"embeddable":true,"href":"https:\/\/multilove.es\/ca\/wp-json\/wp\/v2\/users\/1"}],"replies":[{"embeddable":true,"href":"https:\/\/multilove.es\/ca\/wp-json\/wp\/v2\/comments?post=17"}],"version-history":[{"count":98,"href":"https:\/\/multilove.es\/ca\/wp-json\/wp\/v2\/pages\/17\/revisions"}],"predecessor-version":[{"id":5158,"href":"https:\/\/multilove.es\/ca\/wp-json\/wp\/v2\/pages\/17\/revisions\/5158"}],"wp:attachment":[{"href":"https:\/\/multilove.es\/ca\/wp-json\/wp\/v2\/media?parent=17"}],"curies":[{"name":"wp","href":"https:\/\/api.w.org\/{rel}","templated":true}]}}