{"id":101,"date":"2020-08-20T15:51:38","date_gmt":"2020-08-20T15:51:38","guid":{"rendered":"http:\/\/multilove.es\/?page_id=101"},"modified":"2025-10-05T16:56:03","modified_gmt":"2025-10-05T16:56:03","slug":"sobre-ml","status":"publish","type":"page","link":"https:\/\/multilove.es\/ca\/sobre-ml\/","title":{"rendered":"SOBRE M.L."},"content":{"rendered":"<div data-elementor-type=\"wp-page\" data-elementor-id=\"101\" class=\"elementor elementor-101\">\n\t\t\t\t\t\t<section class=\"elementor-section elementor-top-section elementor-element elementor-element-eeb1ca7 elementor-section-boxed elementor-section-height-default elementor-section-height-default\" data-id=\"eeb1ca7\" data-element_type=\"section\">\n\t\t\t\t\t\t<div class=\"elementor-container elementor-column-gap-default\">\n\t\t\t\t\t<div class=\"elementor-column elementor-col-100 elementor-top-column elementor-element elementor-element-6c8d8c1\" data-id=\"6c8d8c1\" data-element_type=\"column\">\n\t\t\t<div class=\"elementor-widget-wrap elementor-element-populated\">\n\t\t\t\t\t\t<div class=\"elementor-element elementor-element-f30a64e elementor-widget elementor-widget-image\" data-id=\"f30a64e\" data-element_type=\"widget\" data-widget_type=\"image.default\">\n\t\t\t\t<div class=\"elementor-widget-container\">\n\t\t\t\t\t\t\t\t\t\t\t\t\t\t\t<img fetchpriority=\"high\" decoding=\"async\" width=\"750\" height=\"1024\" src=\"https:\/\/multilove.es\/wp-content\/uploads\/2023\/10\/yo-750x1024.png\" class=\"attachment-large size-large wp-image-3100\" alt=\"\" srcset=\"https:\/\/multilove.es\/wp-content\/uploads\/2023\/10\/yo-750x1024.png 750w, https:\/\/multilove.es\/wp-content\/uploads\/2023\/10\/yo-220x300.png 220w, https:\/\/multilove.es\/wp-content\/uploads\/2023\/10\/yo-768x1049.png 768w, https:\/\/multilove.es\/wp-content\/uploads\/2023\/10\/yo-9x12.png 9w, https:\/\/multilove.es\/wp-content\/uploads\/2023\/10\/yo-600x820.png 600w, https:\/\/multilove.es\/wp-content\/uploads\/2023\/10\/yo.png 1125w\" sizes=\"(max-width: 750px) 100vw, 750px\" \/>\t\t\t\t\t\t\t\t\t\t\t\t\t\t\t<\/div>\n\t\t\t\t<\/div>\n\t\t\t\t<div class=\"elementor-element elementor-element-308840a elementor-widget elementor-widget-text-editor\" data-id=\"308840a\" data-element_type=\"widget\" data-widget_type=\"text-editor.default\">\n\t\t\t\t<div class=\"elementor-widget-container\">\n\t\t\t\t\t\t\t\t\t<p>Darrere de la marca Multi Love est\u00e0 <b>Enric Alepuz<\/b>, dissenyador gr\u00e0fic i il\u00b7lustrador valenci\u00e0.<\/p><p>M\u00fasic-bateria dels grups Meravella i T\u00f3rtel, grafista en cinema i dissenyador freelance. Amb Multi Love va per lliure, augmentant la fam\u00edlia de dissenys sense l\u00edmit, creant un imaginari que definix un estil i diferencia Multi Love de les altres marques.<\/p><p><b>Multi Love \u00e9s retro, \u00e9s nost\u00e0lgic, \u00e9s pop, \u00e9s <i>gastro<\/i>, \u00e9s disseny, \u00e9s <i>freak<\/i>.<\/b><\/p><p>S\u00f3n dissenys que evoquen productes, colors o altres dissenys que els Multi Lovers reconeixem perqu\u00e8 ja han passat a ser part de la nostra cultura visual.<\/p><p>M.L recorda moments, situacions o coses que formen o formaren part de la teua vida, com el b\u00e0lsem de tigre, el r\u00e8tol de la peixateria del teu barri, els adhesius dels serrallers, les instruccions dels bastonets xinesos, un logo que recordes de la teua infantesa, l\u2019env\u00e0s del teu menjar preferit\u2026<\/p><p>I ah\u00ed tens la fiblada d\u2019amor amb Multi Love.<\/p>\t\t\t\t\t\t\t\t<\/div>\n\t\t\t\t<\/div>\n\t\t\t\t\t<\/div>\n\t\t<\/div>\n\t\t\t\t\t<\/div>\n\t\t<\/section>\n\t\t\t\t<\/div>","protected":false},"excerpt":{"rendered":"<p>Detr\u00e1s de la marca Multi Love est\u00e1 Enric Alepuz, dise\u00f1ador gr\u00e1fico e ilustrador valenciano. M\u00fasico-bater\u00eda de los grupos Meravella y T\u00f3rtel, grafista en cine y dise\u00f1ador freelance. Con Multi Love va por libre, aumentando la familia de dise\u00f1os sin l\u00edmite, creando un imaginario que define un estilo y diferencia a Multi Love de las otras [&hellip;]<\/p>","protected":false},"author":1,"featured_media":0,"parent":0,"menu_order":0,"comment_status":"closed","ping_status":"closed","template":"","meta":{"footnotes":""},"class_list":["post-101","page","type-page","status-publish","hentry"],"yoast_head":"<!-- This site is optimized with the Yoast SEO plugin v26.1.1 - https:\/\/yoast.com\/wordpress\/plugins\/seo\/ -->\n<title>Multi Love - Multi Love<\/title>\n<meta name=\"description\" content=\"Multi Love es retro, es nost\u00e1lgico, es pop, es foodie, es freak. Son dise\u00f1os que evocan productos, colores u otros dise\u00f1os que los Multi Lovers reconocemos porque ya han pasado a ser parte de nuestra cultura visual.\" \/>\n<meta name=\"robots\" content=\"index, follow, max-snippet:-1, max-image-preview:large, max-video-preview:-1\" \/>\n<link rel=\"canonical\" href=\"https:\/\/multilove.es\/ca\/sobre-ml\/\" \/>\n<meta property=\"og:locale\" content=\"ca_ES\" \/>\n<meta property=\"og:type\" content=\"article\" \/>\n<meta property=\"og:title\" content=\"Multi Love - Multi Love\" \/>\n<meta property=\"og:description\" content=\"Multi Love es retro, es nost\u00e1lgico, es pop, es foodie, es freak. Son dise\u00f1os que evocan productos, colores u otros dise\u00f1os que los Multi Lovers reconocemos porque ya han pasado a ser parte de nuestra cultura visual.\" \/>\n<meta property=\"og:url\" content=\"https:\/\/multilove.es\/ca\/sobre-ml\/\" \/>\n<meta property=\"og:site_name\" content=\"Multi Love\" \/>\n<meta property=\"article:publisher\" content=\"https:\/\/www.facebook.com\/multilovelovelove\" \/>\n<meta property=\"article:modified_time\" content=\"2025-10-05T16:56:03+00:00\" \/>\n<meta property=\"og:image\" content=\"https:\/\/multilove.es\/wp-content\/uploads\/2023\/10\/yo.png\" \/>\n\t<meta property=\"og:image:width\" content=\"1125\" \/>\n\t<meta property=\"og:image:height\" content=\"1537\" \/>\n\t<meta property=\"og:image:type\" content=\"image\/png\" \/>\n<meta name=\"twitter:card\" content=\"summary_large_image\" \/>\n<meta name=\"twitter:label1\" content=\"Temps estimat de lectura\" \/>\n\t<meta name=\"twitter:data1\" content=\"1 minut\" \/>\n<script type=\"application\/ld+json\" class=\"yoast-schema-graph\">{\"@context\":\"https:\/\/schema.org\",\"@graph\":[{\"@type\":\"WebPage\",\"@id\":\"https:\/\/multilove.es\/sobre-ml\/\",\"url\":\"https:\/\/multilove.es\/sobre-ml\/\",\"name\":\"Multi Love - Multi Love\",\"isPartOf\":{\"@id\":\"https:\/\/multilove.es\/#website\"},\"primaryImageOfPage\":{\"@id\":\"https:\/\/multilove.es\/sobre-ml\/#primaryimage\"},\"image\":{\"@id\":\"https:\/\/multilove.es\/sobre-ml\/#primaryimage\"},\"thumbnailUrl\":\"https:\/\/multilove.es\/wp-content\/uploads\/2023\/10\/yo-750x1024.png\",\"datePublished\":\"2020-08-20T15:51:38+00:00\",\"dateModified\":\"2025-10-05T16:56:03+00:00\",\"description\":\"Multi Love es retro, es nost\u00e1lgico, es pop, es foodie, es freak. Son dise\u00f1os que evocan productos, colores u otros dise\u00f1os que los Multi Lovers reconocemos porque ya han pasado a ser parte de nuestra cultura visual.\",\"breadcrumb\":{\"@id\":\"https:\/\/multilove.es\/sobre-ml\/#breadcrumb\"},\"inLanguage\":\"ca\",\"potentialAction\":[{\"@type\":\"ReadAction\",\"target\":[\"https:\/\/multilove.es\/sobre-ml\/\"]}]},{\"@type\":\"ImageObject\",\"inLanguage\":\"ca\",\"@id\":\"https:\/\/multilove.es\/sobre-ml\/#primaryimage\",\"url\":\"https:\/\/multilove.es\/wp-content\/uploads\/2023\/10\/yo-750x1024.png\",\"contentUrl\":\"https:\/\/multilove.es\/wp-content\/uploads\/2023\/10\/yo-750x1024.png\"},{\"@type\":\"BreadcrumbList\",\"@id\":\"https:\/\/multilove.es\/sobre-ml\/#breadcrumb\",\"itemListElement\":[{\"@type\":\"ListItem\",\"position\":1,\"name\":\"Portada\",\"item\":\"https:\/\/multilove.es\/\"},{\"@type\":\"ListItem\",\"position\":2,\"name\":\"SOBRE M.L.\"}]},{\"@type\":\"WebSite\",\"@id\":\"https:\/\/multilove.es\/#website\",\"url\":\"https:\/\/multilove.es\/\",\"name\":\"Multi Love\",\"description\":\"Tienda de camisetas raras y otras delicias.\",\"publisher\":{\"@id\":\"https:\/\/multilove.es\/#organization\"},\"potentialAction\":[{\"@type\":\"SearchAction\",\"target\":{\"@type\":\"EntryPoint\",\"urlTemplate\":\"https:\/\/multilove.es\/?s={search_term_string}\"},\"query-input\":{\"@type\":\"PropertyValueSpecification\",\"valueRequired\":true,\"valueName\":\"search_term_string\"}}],\"inLanguage\":\"ca\"},{\"@type\":\"Organization\",\"@id\":\"https:\/\/multilove.es\/#organization\",\"name\":\"Multi Love\",\"url\":\"https:\/\/multilove.es\/\",\"logo\":{\"@type\":\"ImageObject\",\"inLanguage\":\"ca\",\"@id\":\"https:\/\/multilove.es\/#\/schema\/logo\/image\/\",\"url\":\"https:\/\/multilove.es\/wp-content\/uploads\/2020\/08\/multi-love-animated-logo-12fps-300px.gif\",\"contentUrl\":\"https:\/\/multilove.es\/wp-content\/uploads\/2020\/08\/multi-love-animated-logo-12fps-300px.gif\",\"width\":300,\"height\":300,\"caption\":\"Multi Love\"},\"image\":{\"@id\":\"https:\/\/multilove.es\/#\/schema\/logo\/image\/\"},\"sameAs\":[\"https:\/\/www.facebook.com\/multilovelovelove\",\"https:\/\/www.instagram.com\/multilovelovelove\/\"]}]}<\/script>\n<!-- \/ Yoast SEO plugin. -->","yoast_head_json":{"title":"Multi Love - Multi Love","description":"Multi Love es retro, es nost\u00e1lgico, es pop, es foodie, es freak. Son dise\u00f1os que evocan productos, colores u otros dise\u00f1os que los Multi Lovers reconocemos porque ya han pasado a ser parte de nuestra cultura visual.","robots":{"index":"index","follow":"follow","max-snippet":"max-snippet:-1","max-image-preview":"max-image-preview:large","max-video-preview":"max-video-preview:-1"},"canonical":"https:\/\/multilove.es\/ca\/sobre-ml\/","og_locale":"ca_ES","og_type":"article","og_title":"Multi Love - Multi Love","og_description":"Multi Love es retro, es nost\u00e1lgico, es pop, es foodie, es freak. Son dise\u00f1os que evocan productos, colores u otros dise\u00f1os que los Multi Lovers reconocemos porque ya han pasado a ser parte de nuestra cultura visual.","og_url":"https:\/\/multilove.es\/ca\/sobre-ml\/","og_site_name":"Multi Love","article_publisher":"https:\/\/www.facebook.com\/multilovelovelove","article_modified_time":"2025-10-05T16:56:03+00:00","og_image":[{"width":1125,"height":1537,"url":"https:\/\/multilove.es\/wp-content\/uploads\/2023\/10\/yo.png","type":"image\/png"}],"twitter_card":"summary_large_image","twitter_misc":{"Temps estimat de lectura":"1 minut"},"schema":{"@context":"https:\/\/schema.org","@graph":[{"@type":"WebPage","@id":"https:\/\/multilove.es\/sobre-ml\/","url":"https:\/\/multilove.es\/sobre-ml\/","name":"Multi Love - Multi Love","isPartOf":{"@id":"https:\/\/multilove.es\/#website"},"primaryImageOfPage":{"@id":"https:\/\/multilove.es\/sobre-ml\/#primaryimage"},"image":{"@id":"https:\/\/multilove.es\/sobre-ml\/#primaryimage"},"thumbnailUrl":"https:\/\/multilove.es\/wp-content\/uploads\/2023\/10\/yo-750x1024.png","datePublished":"2020-08-20T15:51:38+00:00","dateModified":"2025-10-05T16:56:03+00:00","description":"Multi Love es retro, es nost\u00e1lgico, es pop, es foodie, es freak. Son dise\u00f1os que evocan productos, colores u otros dise\u00f1os que los Multi Lovers reconocemos porque ya han pasado a ser parte de nuestra cultura visual.","breadcrumb":{"@id":"https:\/\/multilove.es\/sobre-ml\/#breadcrumb"},"inLanguage":"ca","potentialAction":[{"@type":"ReadAction","target":["https:\/\/multilove.es\/sobre-ml\/"]}]},{"@type":"ImageObject","inLanguage":"ca","@id":"https:\/\/multilove.es\/sobre-ml\/#primaryimage","url":"https:\/\/multilove.es\/wp-content\/uploads\/2023\/10\/yo-750x1024.png","contentUrl":"https:\/\/multilove.es\/wp-content\/uploads\/2023\/10\/yo-750x1024.png"},{"@type":"BreadcrumbList","@id":"https:\/\/multilove.es\/sobre-ml\/#breadcrumb","itemListElement":[{"@type":"ListItem","position":1,"name":"Portada","item":"https:\/\/multilove.es\/"},{"@type":"ListItem","position":2,"name":"SOBRE M.L."}]},{"@type":"WebSite","@id":"https:\/\/multilove.es\/#website","url":"https:\/\/multilove.es\/","name":"Multi Love","description":"Tienda de camisetas raras y otras delicias.","publisher":{"@id":"https:\/\/multilove.es\/#organization"},"potentialAction":[{"@type":"SearchAction","target":{"@type":"EntryPoint","urlTemplate":"https:\/\/multilove.es\/?s={search_term_string}"},"query-input":{"@type":"PropertyValueSpecification","valueRequired":true,"valueName":"search_term_string"}}],"inLanguage":"ca"},{"@type":"Organization","@id":"https:\/\/multilove.es\/#organization","name":"Multi Love","url":"https:\/\/multilove.es\/","logo":{"@type":"ImageObject","inLanguage":"ca","@id":"https:\/\/multilove.es\/#\/schema\/logo\/image\/","url":"https:\/\/multilove.es\/wp-content\/uploads\/2020\/08\/multi-love-animated-logo-12fps-300px.gif","contentUrl":"https:\/\/multilove.es\/wp-content\/uploads\/2020\/08\/multi-love-animated-logo-12fps-300px.gif","width":300,"height":300,"caption":"Multi Love"},"image":{"@id":"https:\/\/multilove.es\/#\/schema\/logo\/image\/"},"sameAs":["https:\/\/www.facebook.com\/multilovelovelove","https:\/\/www.instagram.com\/multilovelovelove\/"]}]}},"jetpack_sharing_enabled":true,"_links":{"self":[{"href":"https:\/\/multilove.es\/ca\/wp-json\/wp\/v2\/pages\/101","targetHints":{"allow":["GET"]}}],"collection":[{"href":"https:\/\/multilove.es\/ca\/wp-json\/wp\/v2\/pages"}],"about":[{"href":"https:\/\/multilove.es\/ca\/wp-json\/wp\/v2\/types\/page"}],"author":[{"embeddable":true,"href":"https:\/\/multilove.es\/ca\/wp-json\/wp\/v2\/users\/1"}],"replies":[{"embeddable":true,"href":"https:\/\/multilove.es\/ca\/wp-json\/wp\/v2\/comments?post=101"}],"version-history":[{"count":33,"href":"https:\/\/multilove.es\/ca\/wp-json\/wp\/v2\/pages\/101\/revisions"}],"predecessor-version":[{"id":5402,"href":"https:\/\/multilove.es\/ca\/wp-json\/wp\/v2\/pages\/101\/revisions\/5402"}],"wp:attachment":[{"href":"https:\/\/multilove.es\/ca\/wp-json\/wp\/v2\/media?parent=101"}],"curies":[{"name":"wp","href":"https:\/\/api.w.org\/{rel}","templated":true}]}}